{"id":646,"date":"2023-11-28T20:57:33","date_gmt":"2023-11-28T20:57:33","guid":{"rendered":"http:\/\/54.188.2.35\/?page_id=646"},"modified":"2025-11-24T20:34:17","modified_gmt":"2025-11-24T20:34:17","slug":"faq","status":"publish","type":"page","link":"http:\/\/54.188.2.35\/en\/faq\/","title":{"rendered":"FAQ"},"content":{"rendered":"<div data-elementor-type=\"wp-page\" data-elementor-id=\"646\" class=\"elementor elementor-646\">\n\t\t\t\t<div class=\"elementor-element elementor-element-b7705eb e-flex e-con-boxed e-con e-parent\" data-id=\"b7705eb\" data-element_type=\"container\" data-settings=\"{&quot;background_background&quot;:&quot;classic&quot;}\">\n\t\t\t\t\t<div class=\"e-con-inner\">\n\t\t\t\t<div class=\"elementor-element elementor-element-c6c17fc elementor-widget elementor-widget-heading\" data-id=\"c6c17fc\" data-element_type=\"widget\" data-widget_type=\"heading.default\">\n\t\t\t\t<div class=\"elementor-widget-container\">\n\t\t\t<h2 class=\"elementor-heading-title elementor-size-default\">Preguntas Frecuentes<\/h2>\t\t<\/div>\n\t\t\t\t<\/div>\n\t\t\t\t<div class=\"elementor-element elementor-element-20f16c7 elementor-widget elementor-widget-text-editor\" data-id=\"20f16c7\" data-element_type=\"widget\" data-widget_type=\"text-editor.default\">\n\t\t\t\t<div class=\"elementor-widget-container\">\n\t\t\t\t\t\t\t<ul><li style=\"font-size: 14.4px;\"><span style=\"font-weight: bolder;\">Schedule Monday-Saturday<\/span><br \/>Almuerzo 12:00 - 15:00<br \/>Cena 19:00 - 22:00<\/li><\/ul><ul><li><strong>Ubicaci\u00f3n<\/strong><br \/>12 calle 2-99 zona 14.<br \/><a href=\"https:\/\/maps.app.goo.gl\/ix5tXKHu6pi5udrm8\">(click aqu\u00ed para google maps)<\/a><\/li><\/ul><ul><li><strong>Do I need a reservation?<\/strong><br \/>It is not mandatory to have a reservation when you do not have a dietary restriction. However, people with special dietary requirements or restrictions are required to have a reservation in order for us to accommodate the experience.\u00a0<\/li><\/ul><ul><li><strong>\u00bfSe puede compartir el men\u00fa degustaci\u00f3n?<\/strong><\/li><li><p class=\"p1\">Para preservar la integridad de la experiencia gastron\u00f3mica, nuestro men\u00fa de degustaci\u00f3n se sirve de manera individual y no puede compartirse. Agradecemos su amable comprensi\u00f3n.<\/p><\/li><\/ul><ul><li><p>It is not mandatory to have a reservation when you do not have a dietary restriction. However, people with special dietary requirements or restrictions are required to have a reservation in order for us to accommodate the experience.\u00a0<\/p><\/li><\/ul><ul><li>\u00bfSe admiten ni\u00f1os?<\/li><li><p style=\"caret-color: #000000; color: #000000; font-style: normal; font-weight: 400; text-align: start;\">Para preservar la experiencia gastron\u00f3mica y el ambiente \u00edntimo de\u00a0<i>Ana<\/i>, informamos amablemente que\u00a0<b>no admitimos ni\u00f1os menores a 10 a\u00f1os\u00a0<\/b>en nuestras reservas. Agradecemos su comprensi\u00f3n y esperamos brindarles una experiencia excepcional.<\/p><\/li><\/ul><ul><li><strong>Is there a printed menu I can check?<\/strong><br \/>Yes, there is a printed menu.<\/li><\/ul><ul><li><strong style=\"font-family: var(--list--font-family); font-size: 14.4px;\">What is a tasting menu?<\/strong><\/li><li>Un men\u00fa degustaci\u00f3n es una experiencia gastron\u00f3mica que se conforma de una selecci\u00f3n de platillos de tama\u00f1o considerable que tiene como objetivo representar la filosof\u00eda y forma de cocinar de un restaurante.<\/li><\/ul><ul><li><strong>Do you offer wine pairing?<\/strong><br \/>Wine pairing is available under reservation basis only. Please note in the comments that you would love to be presented with this option.<\/li><\/ul><ul><li><strong>Do you still do tasting menus at home?<\/strong><br \/>We will always keep on doing this type of experiences at home or at the venue of our customers choice, please contact the restaurant directly for a quote.<\/li><\/ul><div><span style=\"font-family: -apple-system, BlinkMacSystemFont, Segoe UI, Roboto, Oxygen-Sans, Ubuntu, Cantarell, Helvetica Neue, sans-serif;\">\u00a0<\/span><\/div>\t\t\t\t\t\t<\/div>\n\t\t\t\t<\/div>\n\t\t\t\t\t<\/div>\n\t\t\t\t<\/div>\n\t\t\t\t<\/div>","protected":false},"excerpt":{"rendered":"<p>Preguntas Frecuentes Horario Lunes-S\u00e1badoAlmuerzo 12:00 - 15:00Cena 19:00 - 22:00 Ubicaci\u00f3n12 calle 2-99 zona 14.(click aqu\u00ed para google maps) \u00bfNecesito hacer reservaci\u00f3n?No es imperativo hacer una reservaci\u00f3n para personas con dietas sin restricciones. Para comensales con dietas especiales o restricciones alimentarias particulares, favor hacer reservaci\u00f3n y anotarlo en comentarios. \u00bfSe puede compartir el men\u00fa degustaci\u00f3n?&hellip; <a class=\"more-link\" href=\"http:\/\/54.188.2.35\/en\/faq\/\">Continue reading <span class=\"screen-reader-text\">FAQ<\/span><\/a><\/p>","protected":false},"author":1,"featured_media":0,"parent":0,"menu_order":0,"comment_status":"closed","ping_status":"closed","template":"elementor_header_footer","meta":{"_eb_attr":"","footnotes":""},"folder":[],"class_list":["post-646","page","type-page","status-publish","hentry","entry"],"_links":{"self":[{"href":"http:\/\/54.188.2.35\/en\/wp-json\/wp\/v2\/pages\/646","targetHints":{"allow":["GET"]}}],"collection":[{"href":"http:\/\/54.188.2.35\/en\/wp-json\/wp\/v2\/pages"}],"about":[{"href":"http:\/\/54.188.2.35\/en\/wp-json\/wp\/v2\/types\/page"}],"author":[{"embeddable":true,"href":"http:\/\/54.188.2.35\/en\/wp-json\/wp\/v2\/users\/1"}],"replies":[{"embeddable":true,"href":"http:\/\/54.188.2.35\/en\/wp-json\/wp\/v2\/comments?post=646"}],"version-history":[{"count":61,"href":"http:\/\/54.188.2.35\/en\/wp-json\/wp\/v2\/pages\/646\/revisions"}],"predecessor-version":[{"id":2718,"href":"http:\/\/54.188.2.35\/en\/wp-json\/wp\/v2\/pages\/646\/revisions\/2718"}],"wp:attachment":[{"href":"http:\/\/54.188.2.35\/en\/wp-json\/wp\/v2\/media?parent=646"}],"wp:term":[{"taxonomy":"folder","embeddable":true,"href":"http:\/\/54.188.2.35\/en\/wp-json\/wp\/v2\/folder?post=646"}],"curies":[{"name":"wp","href":"https:\/\/api.w.org\/{rel}","templated":true}]}}