{"id":2159,"date":"2025-10-16T02:11:51","date_gmt":"2025-10-16T02:11:51","guid":{"rendered":"https:\/\/54.188.2.35\/?page_id=2159"},"modified":"2025-11-19T01:58:36","modified_gmt":"2025-11-19T01:58:36","slug":"menu-2","status":"publish","type":"page","link":"http:\/\/54.188.2.35\/en\/menu-2\/","title":{"rendered":"Menu"},"content":{"rendered":"<div data-elementor-type=\"wp-page\" data-elementor-id=\"2159\" class=\"elementor elementor-2159\">\n\t\t\t\t<div class=\"elementor-element elementor-element-a8a5663 e-flex e-con-boxed e-con e-parent\" data-id=\"a8a5663\" data-element_type=\"container\" data-settings=\"{&quot;background_background&quot;:&quot;classic&quot;}\">\n\t\t\t\t\t<div class=\"e-con-inner\">\n\t\t\t\t<div class=\"elementor-element elementor-element-3934e38 elementor-widget elementor-widget-image\" data-id=\"3934e38\" data-element_type=\"widget\" data-widget_type=\"image.default\">\n\t\t\t\t<div class=\"elementor-widget-container\">\n\t\t\t\t\t\t\t\t\t\t\t\t\t<img decoding=\"async\" src=\"http:\/\/54.188.2.35\/wp-content\/uploads\/elementor\/thumbs\/Group-1-rewu0dx72m3z5rwid3yaiwclrl7tl70wq1ueqivta8.png\" title=\"Group 1\" alt=\"Group 1\" loading=\"lazy\" \/>\t\t\t\t\t\t\t\t\t\t\t\t\t<\/div>\n\t\t\t\t<\/div>\n\t\t\t\t<div class=\"elementor-element elementor-element-d5f33e0 elementor-widget elementor-widget-heading\" data-id=\"d5f33e0\" data-element_type=\"widget\" data-widget_type=\"heading.default\">\n\t\t\t\t<div class=\"elementor-widget-container\">\n\t\t\t<h2 class=\"elementor-heading-title elementor-size-default\">La mesa del chef<\/h2>\t\t<\/div>\n\t\t\t\t<\/div>\n\t\t\t\t<div class=\"elementor-element elementor-element-a1410f1 elementor-widget elementor-widget-text-editor\" data-id=\"a1410f1\" data-element_type=\"widget\" data-widget_type=\"text-editor.default\">\n\t\t\t\t<div class=\"elementor-widget-container\">\n\t\t\t\t\t\t\t<p><span style=\"font-size: 20px;\">El chef Nicol\u00e1s Solanilla nos lleva a descubrir un recorrido hist\u00f3rico de su propuesta \u2013 Ana, donde expone su visi\u00f3n precisa con alta t\u00e9cnica y sabor sofisticado.<\/span><\/p><p>\u00a0<\/p><p><span style=\"font-size: 20px;\">Esta experiencia \u00fanica frente a la cocina permite a los comensales compartir \u00edntimamente con el equipo de cocina y el chef, observando directamente los procesos y t\u00e9cnica requerida para ejecutar un men\u00fa de alta precisi\u00f3n por uno de los proponentes m\u00e1s emocionantes de la gastronom\u00eda latinoamericana.<\/span><\/p>\t\t\t\t\t\t<\/div>\n\t\t\t\t<\/div>\n\t\t<div class=\"elementor-element elementor-element-c8300ac e-con-full e-flex e-con e-child\" data-id=\"c8300ac\" data-element_type=\"container\" data-settings=\"{&quot;background_background&quot;:&quot;classic&quot;}\">\n\t\t\t\t<div class=\"elementor-element elementor-element-de4081a elementor-widget elementor-widget-text-editor\" data-id=\"de4081a\" data-element_type=\"widget\" data-widget_type=\"text-editor.default\">\n\t\t\t\t<div class=\"elementor-widget-container\">\n\t\t\t\t\t\t\t<p><span style=\"font-size: 24px;\">12 Tiempos<\/span><\/p>\n<p><span style=\"font-size: 24px;\">Q900<\/span><\/p>\t\t\t\t\t\t<\/div>\n\t\t\t\t<\/div>\n\t\t\t\t<\/div>\n\t\t\t\t<div class=\"elementor-element elementor-element-4878957 elementor-widget elementor-widget-image\" data-id=\"4878957\" data-element_type=\"widget\" data-widget_type=\"image.default\">\n\t\t\t\t<div class=\"elementor-widget-container\">\n\t\t\t\t\t\t\t\t\t\t\t\t\t<img decoding=\"async\" src=\"http:\/\/54.188.2.35\/wp-content\/uploads\/elementor\/thumbs\/Table-rewuzk1ssg9s145obvx7umoibgbfvdmj5m3a779gqo.png\" title=\"Table\" alt=\"Table\" loading=\"lazy\" \/>\t\t\t\t\t\t\t\t\t\t\t\t\t<\/div>\n\t\t\t\t<\/div>\n\t\t\t\t<div class=\"elementor-element elementor-element-82b5f3d elementor-widget elementor-widget-heading\" data-id=\"82b5f3d\" data-element_type=\"widget\" data-widget_type=\"heading.default\">\n\t\t\t\t<div class=\"elementor-widget-container\">\n\t\t\t<h2 class=\"elementor-heading-title elementor-size-default\">Degustaci\u00f3n<\/h2>\t\t<\/div>\n\t\t\t\t<\/div>\n\t\t\t\t<div class=\"elementor-element elementor-element-43d6214 elementor-widget__width-initial elementor-widget elementor-widget-text-editor\" data-id=\"43d6214\" data-element_type=\"widget\" data-widget_type=\"text-editor.default\">\n\t\t\t\t<div class=\"elementor-widget-container\">\n\t\t\t\t\t\t\t<p>En Ana partimos desde la exploraci\u00f3n y la curiosidad, buscando la exaltaci\u00f3n del producto, su territorio y sus temporadas.<\/p><p>Cada elemento del men\u00fa es cuidadosamente seleccionado por nuestro equipo de cocina en un orden preciso para resaltar su sabor y brindar una experiencia \u00fanica con nuestro car\u00e1cter m\u00e1s personal.<\/p>\t\t\t\t\t\t<\/div>\n\t\t\t\t<\/div>\n\t\t\t\t\t<\/div>\n\t\t\t\t<\/div>\n\t\t<div class=\"elementor-element elementor-element-e8ffd82 e-flex e-con-boxed e-con e-parent\" data-id=\"e8ffd82\" data-element_type=\"container\" data-settings=\"{&quot;background_background&quot;:&quot;classic&quot;}\">\n\t\t\t\t\t<div class=\"e-con-inner\">\n\t\t\t\t<div class=\"elementor-element elementor-element-5a0eaf7 elementor-widget elementor-widget-text-editor\" data-id=\"5a0eaf7\" data-element_type=\"widget\" data-widget_type=\"text-editor.default\">\n\t\t\t\t<div class=\"elementor-widget-container\">\n\t\t\t\t\t\t\t<p><span style=\"font-size: 24px;\">8 Tiempos<\/span><\/p><p><span style=\"font-size: 24px;\">Q700<\/span><\/p>\t\t\t\t\t\t<\/div>\n\t\t\t\t<\/div>\n\t\t\t\t\t<\/div>\n\t\t\t\t<\/div>\n\t\t<div class=\"elementor-element elementor-element-71c596b e-flex e-con-boxed e-con e-parent\" data-id=\"71c596b\" data-element_type=\"container\" data-settings=\"{&quot;background_background&quot;:&quot;classic&quot;}\">\n\t\t\t\t\t<div class=\"e-con-inner\">\n\t\t\t\t<div class=\"elementor-element elementor-element-99acc12 elementor-widget elementor-widget-image\" data-id=\"99acc12\" data-element_type=\"widget\" data-widget_type=\"image.default\">\n\t\t\t\t<div class=\"elementor-widget-container\">\n\t\t\t\t\t\t\t\t\t\t\t\t\t<img fetchpriority=\"high\" decoding=\"async\" width=\"300\" height=\"194\" src=\"http:\/\/54.188.2.35\/wp-content\/uploads\/2025\/11\/Mask-group-1-300x194.png\" class=\"attachment-medium size-medium wp-image-2486\" alt=\"\" srcset=\"http:\/\/54.188.2.35\/wp-content\/uploads\/2025\/11\/Mask-group-1-300x194.png 300w, http:\/\/54.188.2.35\/wp-content\/uploads\/2025\/11\/Mask-group-1-18x12.png 18w, http:\/\/54.188.2.35\/wp-content\/uploads\/2025\/11\/Mask-group-1.png 762w\" sizes=\"(max-width: 300px) 100vw, 300px\" style=\"width:100%;height:64.57%;max-width:762px\" \/>\t\t\t\t\t\t\t\t\t\t\t\t\t<\/div>\n\t\t\t\t<\/div>\n\t\t\t\t<div class=\"elementor-element elementor-element-1192a77 elementor-widget elementor-widget-heading\" data-id=\"1192a77\" data-element_type=\"widget\" data-widget_type=\"heading.default\">\n\t\t\t\t<div class=\"elementor-widget-container\">\n\t\t\t<h2 class=\"elementor-heading-title elementor-size-default\">PLATOS AL CENTRO<\/h2>\t\t<\/div>\n\t\t\t\t<\/div>\n\t\t\t\t<div class=\"elementor-element elementor-element-d1af82a elementor-widget elementor-widget-text-editor\" data-id=\"d1af82a\" data-element_type=\"widget\" data-widget_type=\"text-editor.default\">\n\t\t\t\t<div class=\"elementor-widget-container\">\n\t\t\t\t\t\t\t<p><span style=\"font-size: 16px;\">Nuestra carta nace del deseo de ofrecer la experiencia de Ana desde un formato m\u00e1s libre y cotidiano.<\/span><\/p><p><span style=\"font-size: 16px;\">* todos nuestros platos se sirven al centro de la mesa para ser compartidos<\/span><\/p>\t\t\t\t\t\t<\/div>\n\t\t\t\t<\/div>\n\t\t\t\t<div class=\"elementor-element elementor-element-cc162e1 elementor-widget elementor-widget-text-editor\" data-id=\"cc162e1\" data-element_type=\"widget\" data-widget_type=\"text-editor.default\">\n\t\t\t\t<div class=\"elementor-widget-container\">\n\t\t\t\t\t\t\t<p>TATAKI<\/p><p>PESCA MADURADA \/ CHUTNEY DE PI\u00d1A AL PASTOR \/ \u00a0KOSHO DE BUDHA HAND<span class=\"Apple-converted-space\">\u00a0<br \/>Q140<\/span><\/p>\t\t\t\t\t\t<\/div>\n\t\t\t\t<\/div>\n\t\t\t\t<div class=\"elementor-element elementor-element-37c0d71 elementor-widget elementor-widget-text-editor\" data-id=\"37c0d71\" data-element_type=\"widget\" data-widget_type=\"text-editor.default\">\n\t\t\t\t<div class=\"elementor-widget-container\">\n\t\t\t\t\t\t\t<p>HONGOS<br \/>HONGOS EN ESCABECHE \/ AREPA SAMARIA<span class=\"Apple-converted-space\">\u00a0<\/span><\/p><p>Q150<\/p>\t\t\t\t\t\t<\/div>\n\t\t\t\t<\/div>\n\t\t\t\t<div class=\"elementor-element elementor-element-1b9cd21 elementor-widget elementor-widget-text-editor\" data-id=\"1b9cd21\" data-element_type=\"widget\" data-widget_type=\"text-editor.default\">\n\t\t\t\t<div class=\"elementor-widget-container\">\n\t\t\t\t\t\t\t<p>AT\u00daN MADURADO<br>CHIRMOL A LA LE\u00d1A \/ CHIPS DE PAPA \/ LOROCO<\/p>\n<p>Q140<\/p>\t\t\t\t\t\t<\/div>\n\t\t\t\t<\/div>\n\t\t\t\t<div class=\"elementor-element elementor-element-d6297ff elementor-widget elementor-widget-text-editor\" data-id=\"d6297ff\" data-element_type=\"widget\" data-widget_type=\"text-editor.default\">\n\t\t\t\t<div class=\"elementor-widget-container\">\n\t\t\t\t\t\t\t<p>TARTARE DE RES<br \/>PIMIENTA ROSA \/ TOFFEE DE HONGOS \/ CROCANTE DE PAN DE MASA MADRE<\/p><p>Q160<\/p>\t\t\t\t\t\t<\/div>\n\t\t\t\t<\/div>\n\t\t\t\t<div class=\"elementor-element elementor-element-3f0e2bd elementor-widget elementor-widget-text-editor\" data-id=\"3f0e2bd\" data-element_type=\"widget\" data-widget_type=\"text-editor.default\">\n\t\t\t\t<div class=\"elementor-widget-container\">\n\t\t\t\t\t\t\t<p>EL TOMATE HEIRLOOM<br \/>TOMATE HEIRLOOM \/ FRAMBUESAS \/ UVAS VERDES \/ OREGAN\u00d3N \/ GAZPACHO AHUMADO<\/p><p>Q85<\/p>\t\t\t\t\t\t<\/div>\n\t\t\t\t<\/div>\n\t\t\t\t<div class=\"elementor-element elementor-element-d8f04ff elementor-widget elementor-widget-text-editor\" data-id=\"d8f04ff\" data-element_type=\"widget\" data-widget_type=\"text-editor.default\">\n\t\t\t\t<div class=\"elementor-widget-container\">\n\t\t\t\t\t\t\t<p>CANCH\u00d3N A LAS BRASAS<br \/>CANCHON A LAS BRASAS \/ VINAGRETA ASIATICA \/ CREMOSO DE MARA\u00d1ON \/ CHILI CRUNCH DE CHILES LOCALES<\/p><p>Q90<\/p>\t\t\t\t\t\t<\/div>\n\t\t\t\t<\/div>\n\t\t\t\t<div class=\"elementor-element elementor-element-227ce59 elementor-widget elementor-widget-text-editor\" data-id=\"227ce59\" data-element_type=\"widget\" data-widget_type=\"text-editor.default\">\n\t\t\t\t<div class=\"elementor-widget-container\">\n\t\t\t\t\t\t\t<p>EMPANADAS DE RES<br \/>EMPANADA DE MAIZ FERMENTADO \/ COSTILLA DE RES EN CHILES \/ AJ\u00cd DE TOMATE DE \u00c1RBOL<\/p><p>Q95<\/p>\t\t\t\t\t\t<\/div>\n\t\t\t\t<\/div>\n\t\t\t\t<div class=\"elementor-element elementor-element-c952c67 elementor-widget elementor-widget-text-editor\" data-id=\"c952c67\" data-element_type=\"widget\" data-widget_type=\"text-editor.default\">\n\t\t\t\t<div class=\"elementor-widget-container\">\n\t\t\t\t\t\t\t<p>BRIOCHE Y FOIE<br \/>BRIOCHE HECHO EN CASA \/ ZACAPA EDICI\u00d3N NEGRA \/ BANANO BRUL\u00c9 \/ NIBS DE CACAO<\/p><p>Q95<\/p>\t\t\t\t\t\t<\/div>\n\t\t\t\t<\/div>\n\t\t\t\t<div class=\"elementor-element elementor-element-4850a63 elementor-widget elementor-widget-text-editor\" data-id=\"4850a63\" data-element_type=\"widget\" data-widget_type=\"text-editor.default\">\n\t\t\t\t<div class=\"elementor-widget-container\">\n\t\t\t\t\t\t\t<p>LOS ESQUITES DE ANA<br \/>ESPUMA DE QUESO CHANCOL \/ SALSA MACHA \/ CENIZA DE LA CASA<\/p><p>Q80<\/p>\t\t\t\t\t\t<\/div>\n\t\t\t\t<\/div>\n\t\t\t\t<div class=\"elementor-element elementor-element-3516caf elementor-widget elementor-widget-text-editor\" data-id=\"3516caf\" data-element_type=\"widget\" data-widget_type=\"text-editor.default\">\n\t\t\t\t<div class=\"elementor-widget-container\">\n\t\t\t\t\t\t\t<p>PLATANOS FRITOS<br \/>SUERO COSTE\u00d1O \/ MACADAMIAS \/ MIEL DE MELIPONA<\/p><p>Q85<\/p>\t\t\t\t\t\t<\/div>\n\t\t\t\t<\/div>\n\t\t\t\t<div class=\"elementor-element elementor-element-307dc82 elementor-widget elementor-widget-text-editor\" data-id=\"307dc82\" data-element_type=\"widget\" data-widget_type=\"text-editor.default\">\n\t\t\t\t<div class=\"elementor-widget-container\">\n\t\t\t\t\t\t\t<p>PANCETTA DE CERDO<br \/>PANCETTA DE CERDO DE 24H DE COCCI\u00d3N \/ CREMOSO DE PL\u00c1TANO VERDE \/ <br \/>CABALLITO DE PAPAYA VERDE \/ HIERBAS DE ZOTEA<\/p><p>Q195<\/p>\t\t\t\t\t\t<\/div>\n\t\t\t\t<\/div>\n\t\t\t\t<div class=\"elementor-element elementor-element-78bf6d6 elementor-widget elementor-widget-text-editor\" data-id=\"78bf6d6\" data-element_type=\"widget\" data-widget_type=\"text-editor.default\">\n\t\t\t\t<div class=\"elementor-widget-container\">\n\t\t\t\t\t\t\t<p>PASTA HECHA EN CASA<br \/>PESTO DE APAZOTEY PEPITORIA \/ QUESO DE OVEJA MADURADO DE TECP\u00c1N<span class=\"Apple-converted-space\">\u00a0 <\/span><\/p><p>Q190<\/p>\t\t\t\t\t\t<\/div>\n\t\t\t\t<\/div>\n\t\t\t\t<div class=\"elementor-element elementor-element-13b92aa elementor-widget elementor-widget-text-editor\" data-id=\"13b92aa\" data-element_type=\"widget\" data-widget_type=\"text-editor.default\">\n\t\t\t\t<div class=\"elementor-widget-container\">\n\t\t\t\t\t\t\t<p>PUYAZO A LA BRASA<br \/>PUR\u00c9 DE MANZANA VERDE Y AJO NEGRO \/ CEBOLLA CAMBRAI CONFIT \/ DEMI-GLACE DE RES<\/p><p>Q240<\/p>\t\t\t\t\t\t<\/div>\n\t\t\t\t<\/div>\n\t\t\t\t<div class=\"elementor-element elementor-element-1e46f68 elementor-widget elementor-widget-text-editor\" data-id=\"1e46f68\" data-element_type=\"widget\" data-widget_type=\"text-editor.default\">\n\t\t\t\t<div class=\"elementor-widget-container\">\n\t\t\t\t\t\t\t<p>PEGA DE ARROZ Y RAGOUT<br \/>RAGOUT DE RABO Y VEGETALES AHUMADOS \/ PEGA DE ARROZ \/ AIRDE DE MUSILAGO DE CACAO \/ ARVEJA<\/p><p>Q180<\/p>\t\t\t\t\t\t<\/div>\n\t\t\t\t<\/div>\n\t\t\t\t<div class=\"elementor-element elementor-element-d5574d8 elementor-widget elementor-widget-text-editor\" data-id=\"d5574d8\" data-element_type=\"widget\" data-widget_type=\"text-editor.default\">\n\t\t\t\t<div class=\"elementor-widget-container\">\n\t\t\t\t\t\t\t<p>PESCA MADURADA<br \/>PESCA MADURADA \/ ESPUMA DE ENCOCADO \/ FRIJOL REFRITO \/ VERDES DE TEMPORADA<\/p><p>Q220<\/p>\t\t\t\t\t\t<\/div>\n\t\t\t\t<\/div>\n\t\t\t\t<div class=\"elementor-element elementor-element-6e2dd14 elementor-widget elementor-widget-heading\" data-id=\"6e2dd14\" data-element_type=\"widget\" data-widget_type=\"heading.default\">\n\t\t\t\t<div class=\"elementor-widget-container\">\n\t\t\t<h2 class=\"elementor-heading-title elementor-size-default\">DESSERTS<\/h2>\t\t<\/div>\n\t\t\t\t<\/div>\n\t\t\t\t<div class=\"elementor-element elementor-element-bf1b8df elementor-widget elementor-widget-text-editor\" data-id=\"bf1b8df\" data-element_type=\"widget\" data-widget_type=\"text-editor.default\">\n\t\t\t\t<div class=\"elementor-widget-container\">\n\t\t\t\t\t\t\t<p>CHOCOLATE Y TABACO<br \/>PASTELERA DE TABACO \/ MOUSSE DE CHOCOLATE \/ TOFFEE DE CERVEZA OSCURA \/ LAMINAS DE ALMENDRA TOSTADA<\/p><p>Q75<\/p>\t\t\t\t\t\t<\/div>\n\t\t\t\t<\/div>\n\t\t\t\t<div class=\"elementor-element elementor-element-190d7dd elementor-widget elementor-widget-text-editor\" data-id=\"190d7dd\" data-element_type=\"widget\" data-widget_type=\"text-editor.default\">\n\t\t\t\t<div class=\"elementor-widget-container\">\n\t\t\t\t\t\t\t<p>GANACHE DE CHOCOLATE BLANCO TOSTADO<br \/>GANACHE DE CHOCOLATE BLANCO TOSTADO \/ HONGOS \/ BERROS \/ MERMELADA DE TOMATE DE \u00c1RBOL<\/p><p>Q75<\/p>\t\t\t\t\t\t<\/div>\n\t\t\t\t<\/div>\n\t\t\t\t<div class=\"elementor-element elementor-element-e85bb12 elementor-widget elementor-widget-text-editor\" data-id=\"e85bb12\" data-element_type=\"widget\" data-widget_type=\"text-editor.default\">\n\t\t\t\t<div class=\"elementor-widget-container\">\n\t\t\t\t\t\t\t<p><span class=\"Apple-converted-space\">\u00a0<\/span>TARTA VASCA Y MIEL<br \/>TARTA VASCA DE VAINILLA DE COB\u00c1N \/ MIEL FERMENTADA<\/p><p>Q65<\/p>\t\t\t\t\t\t<\/div>\n\t\t\t\t<\/div>\n\t\t\t\t<div class=\"elementor-element elementor-element-715c8f3 elementor-widget elementor-widget-text-editor\" data-id=\"715c8f3\" data-element_type=\"widget\" data-widget_type=\"text-editor.default\">\n\t\t\t\t<div class=\"elementor-widget-container\">\n\t\t\t\t\t\t\t<p><span class=\"Apple-converted-space\">\u00a0<\/span>HELADO DE MISO Y VAINILLA<br \/>HELADO DE MISO \/ ACEITE DE PERIC\u00d3N \/ PEPITORIA GARAPI\u00d1ADA \/ MISO \/ VAINILLA LOCAL<\/p><p>Q65<\/p>\t\t\t\t\t\t<\/div>\n\t\t\t\t<\/div>\n\t\t\t\t\t<\/div>\n\t\t\t\t<\/div>\n\t\t\t\t<\/div>","protected":false},"excerpt":{"rendered":"<p>La mesa del chef El chef Nicol\u00e1s Solanilla nos lleva a descubrir un recorrido hist\u00f3rico de su propuesta \u2013 Ana, donde expone su visi\u00f3n precisa con alta t\u00e9cnica y sabor sofisticado. \u00a0 Esta experiencia \u00fanica frente a la cocina permite a los comensales compartir \u00edntimamente con el equipo de cocina y el chef, observando directamente&hellip; <a class=\"more-link\" href=\"http:\/\/54.188.2.35\/en\/menu-2\/\">Continue reading <span class=\"screen-reader-text\">Menu<\/span><\/a><\/p>","protected":false},"author":1,"featured_media":0,"parent":0,"menu_order":0,"comment_status":"closed","ping_status":"closed","template":"elementor_header_footer","meta":{"_eb_attr":"","footnotes":""},"folder":[],"class_list":["post-2159","page","type-page","status-publish","hentry","entry"],"_links":{"self":[{"href":"http:\/\/54.188.2.35\/en\/wp-json\/wp\/v2\/pages\/2159","targetHints":{"allow":["GET"]}}],"collection":[{"href":"http:\/\/54.188.2.35\/en\/wp-json\/wp\/v2\/pages"}],"about":[{"href":"http:\/\/54.188.2.35\/en\/wp-json\/wp\/v2\/types\/page"}],"author":[{"embeddable":true,"href":"http:\/\/54.188.2.35\/en\/wp-json\/wp\/v2\/users\/1"}],"replies":[{"embeddable":true,"href":"http:\/\/54.188.2.35\/en\/wp-json\/wp\/v2\/comments?post=2159"}],"version-history":[{"count":117,"href":"http:\/\/54.188.2.35\/en\/wp-json\/wp\/v2\/pages\/2159\/revisions"}],"predecessor-version":[{"id":2669,"href":"http:\/\/54.188.2.35\/en\/wp-json\/wp\/v2\/pages\/2159\/revisions\/2669"}],"wp:attachment":[{"href":"http:\/\/54.188.2.35\/en\/wp-json\/wp\/v2\/media?parent=2159"}],"wp:term":[{"taxonomy":"folder","embeddable":true,"href":"http:\/\/54.188.2.35\/en\/wp-json\/wp\/v2\/folder?post=2159"}],"curies":[{"name":"wp","href":"https:\/\/api.w.org\/{rel}","templated":true}]}}