{"id":1768,"date":"2024-06-11T18:18:53","date_gmt":"2024-06-11T18:18:53","guid":{"rendered":"https:\/\/54.188.2.35\/?page_id=1768"},"modified":"2024-06-21T14:42:51","modified_gmt":"2024-06-21T14:42:51","slug":"politica-de-cancelacion","status":"publish","type":"page","link":"http:\/\/54.188.2.35\/en\/politica-de-cancelacion\/","title":{"rendered":"Cancellation Policy"},"content":{"rendered":"<div data-elementor-type=\"wp-page\" data-elementor-id=\"1768\" class=\"elementor elementor-1768\">\n\t\t\t\t<div class=\"elementor-element elementor-element-b325444 e-flex e-con-boxed e-con e-parent\" data-id=\"b325444\" data-element_type=\"container\">\n\t\t\t\t\t<div class=\"e-con-inner\">\n\t\t\t\t<div class=\"elementor-element elementor-element-581f0e3 elementor-widget elementor-widget-heading\" data-id=\"581f0e3\" data-element_type=\"widget\" data-widget_type=\"heading.default\">\n\t\t\t\t<div class=\"elementor-widget-container\">\n\t\t\t<h2 class=\"elementor-heading-title elementor-size-default\">CANCELLATION POLICY<\/h2>\t\t<\/div>\n\t\t\t\t<\/div>\n\t\t\t\t<div class=\"elementor-element elementor-element-3fda51a elementor-widget elementor-widget-text-editor\" data-id=\"3fda51a\" data-element_type=\"widget\" data-widget_type=\"text-editor.default\">\n\t\t\t\t<div class=\"elementor-widget-container\">\n\t\t\t\t\t\t\t<p>Reservations can be canceled with a refund according to Ana\u2019s cancellation policy below.<\/p><p>Cancellations must be notified 2 days before the date of your reservation, after which point, the prepayment is non-refundable.\u00a0<\/p><p>In the event of a cancellation, please note that the 5% administration fee is non-refundable.<\/p>\t\t\t\t\t\t<\/div>\n\t\t\t\t<\/div>\n\t\t\t\t\t<\/div>\n\t\t\t\t<\/div>\n\t\t\t\t<\/div>","protected":false},"excerpt":{"rendered":"<p>POL\u00cdTICA DE CANCELACI\u00d3N Las reservas pueden cancelarse con reembolso de acuerdo con la pol\u00edtica de cancelaci\u00f3n de Ana que figura a continuaci\u00f3n. Las cancelaciones deben ser notificadas con 2 d\u00edas de antelaci\u00f3n, despu\u00e9s de ese momento el prepago no es reintegrable.\u00a0 En el caso de una cancelaci\u00f3n, favor notar que el 5% de gastos administrativos&hellip; <a class=\"more-link\" href=\"http:\/\/54.188.2.35\/en\/politica-de-cancelacion\/\">Continue reading <span class=\"screen-reader-text\">Cancellation Policy<\/span><\/a><\/p>","protected":false},"author":1,"featured_media":0,"parent":0,"menu_order":0,"comment_status":"closed","ping_status":"closed","template":"elementor_header_footer","meta":{"_eb_attr":"","footnotes":""},"folder":[],"class_list":["post-1768","page","type-page","status-publish","hentry","entry"],"_links":{"self":[{"href":"http:\/\/54.188.2.35\/en\/wp-json\/wp\/v2\/pages\/1768","targetHints":{"allow":["GET"]}}],"collection":[{"href":"http:\/\/54.188.2.35\/en\/wp-json\/wp\/v2\/pages"}],"about":[{"href":"http:\/\/54.188.2.35\/en\/wp-json\/wp\/v2\/types\/page"}],"author":[{"embeddable":true,"href":"http:\/\/54.188.2.35\/en\/wp-json\/wp\/v2\/users\/1"}],"replies":[{"embeddable":true,"href":"http:\/\/54.188.2.35\/en\/wp-json\/wp\/v2\/comments?post=1768"}],"version-history":[{"count":13,"href":"http:\/\/54.188.2.35\/en\/wp-json\/wp\/v2\/pages\/1768\/revisions"}],"predecessor-version":[{"id":1981,"href":"http:\/\/54.188.2.35\/en\/wp-json\/wp\/v2\/pages\/1768\/revisions\/1981"}],"wp:attachment":[{"href":"http:\/\/54.188.2.35\/en\/wp-json\/wp\/v2\/media?parent=1768"}],"wp:term":[{"taxonomy":"folder","embeddable":true,"href":"http:\/\/54.188.2.35\/en\/wp-json\/wp\/v2\/folder?post=1768"}],"curies":[{"name":"wp","href":"https:\/\/api.w.org\/{rel}","templated":true}]}}