{"id":1491,"date":"2024-06-10T20:54:11","date_gmt":"2024-06-10T20:54:11","guid":{"rendered":"https:\/\/54.188.2.35\/?page_id=1491"},"modified":"2026-02-12T03:45:02","modified_gmt":"2026-02-12T03:45:02","slug":"reservar","status":"publish","type":"page","link":"http:\/\/54.188.2.35\/en\/reservar\/","title":{"rendered":"Book now"},"content":{"rendered":"<div data-elementor-type=\"wp-page\" data-elementor-id=\"1491\" class=\"elementor elementor-1491\">\n\t\t\t\t<div class=\"elementor-element elementor-element-47c272c e-flex e-con-boxed e-con e-parent\" data-id=\"47c272c\" data-element_type=\"container\">\n\t\t\t\t\t<div class=\"e-con-inner\">\n\t\t\t\t<div class=\"elementor-element elementor-element-ae581f3 elementor-widget elementor-widget-heading\" data-id=\"ae581f3\" data-element_type=\"widget\" data-widget_type=\"heading.default\">\n\t\t\t\t<div class=\"elementor-widget-container\">\n\t\t\t<h2 class=\"elementor-heading-title elementor-size-default\">Reservas<\/h2>\t\t<\/div>\n\t\t\t\t<\/div>\n\t\t\t\t\t<\/div>\n\t\t\t\t<\/div>\n\t\t<div class=\"elementor-element elementor-element-5c6649a e-flex e-con-boxed e-con e-parent\" data-id=\"5c6649a\" data-element_type=\"container\">\n\t\t\t\t\t<div class=\"e-con-inner\">\n\t\t<div class=\"elementor-element elementor-element-688ebad e-con-full e-flex e-con e-child\" data-id=\"688ebad\" data-element_type=\"container\">\n\t\t<div class=\"elementor-element elementor-element-7dd2dd3 e-grid e-con-full e-con e-child\" data-id=\"7dd2dd3\" data-element_type=\"container\">\n\t\t\t\t<div class=\"elementor-element elementor-element-56c5a06 elementor-widget elementor-widget-heading\" data-id=\"56c5a06\" data-element_type=\"widget\" data-widget_type=\"heading.default\">\n\t\t\t\t<div class=\"elementor-widget-container\">\n\t\t\t<h2 class=\"elementor-heading-title elementor-size-default\">Chef\u2019s Table \u2014 12 tiempos (Q900)<\/h2>\t\t<\/div>\n\t\t\t\t<\/div>\n\t\t\t\t<div class=\"elementor-element elementor-element-a6e8d10 elementor-widget elementor-widget-heading\" data-id=\"a6e8d10\" data-element_type=\"widget\" data-widget_type=\"heading.default\">\n\t\t\t\t<div class=\"elementor-widget-container\">\n\t\t\t<h2 class=\"elementor-heading-title elementor-size-default\">Degustaci\u00f3n \u2014 8 tiempos (Q700)<\/h2>\t\t<\/div>\n\t\t\t\t<\/div>\n\t\t\t\t<div class=\"elementor-element elementor-element-f576101 elementor-widget elementor-widget-text-editor\" data-id=\"f576101\" data-element_type=\"widget\" data-widget_type=\"text-editor.default\">\n\t\t\t\t<div class=\"elementor-widget-container\">\n\t\t\t\t\t\t\t<p>El chef Nicol\u00e1s Solanilla nos lleva a descubrir un recorrido hist\u00f3rico de su propuesta \u2013 Ana, donde expone su visi\u00f3n precisa con alta t\u00e9cnica y sabor sofisticado.<\/p>\n<p><\/p>\n<p>Esta experiencia \u00fanica frente a la cocina permite a los comensales compartir \u00edntimamente con el equipo de cocina y el chef, observando directamente los procesos y t\u00e9cnica requerida para ejecutar un men\u00fa de alta precisi\u00f3n por uno de los proponentes m\u00e1s emocionantes de la gastronom\u00eda latinoamericana.<\/p>\t\t\t\t\t\t<\/div>\n\t\t\t\t<\/div>\n\t\t\t\t<div class=\"elementor-element elementor-element-b4579a4 elementor-widget elementor-widget-text-editor\" data-id=\"b4579a4\" data-element_type=\"widget\" data-widget_type=\"text-editor.default\">\n\t\t\t\t<div class=\"elementor-widget-container\">\n\t\t\t\t\t\t\t<p>En Ana partimos desde la exploraci\u00f3n y la curiosidad, buscando la exaltaci\u00f3n del producto, su territorio y sus temporadas.<\/p><p>Cada elemento del men\u00fa es cuidadosamente seleccionado por nuestro equipo de cocina en un orden preciso para resaltar su sabor y brindar una experiencia \u00fanica con nuestro car\u00e1cter m\u00e1s personal.<\/p>\t\t\t\t\t\t<\/div>\n\t\t\t\t<\/div>\n\t\t\t\t<\/div>\n\t\t\t\t<\/div>\n\t\t\t\t<div class=\"elementor-element elementor-element-9793d56 elementor-widget elementor-widget-html\" data-id=\"9793d56\" data-element_type=\"widget\" data-widget_type=\"html.default\">\n\t\t\t\t<div class=\"elementor-widget-container\">\n\t\t\t<iframe src=\"https:\/\/www.covermanager.com\/reservation\/module_restaurant\/restaurante-ana-cocina-local-guatemala\/spanish?source=Instagram\" style=\"width:100%; height:100%; min-height: 748px; margin-top:32px;\" title=\"Iframe Example\" id=\"reservar-content\"><\/iframe>\t\t<\/div>\n\t\t\t\t<\/div>\n\t\t\t\t\t<\/div>\n\t\t\t\t<\/div>\n\t\t\t\t<\/div>","protected":false},"excerpt":{"rendered":"<p>Reservas Chef\u2019s Table \u2014 12 tiempos (Q900) Degustaci\u00f3n \u2014 8 tiempos (Q700) El chef Nicol\u00e1s Solanilla nos lleva a descubrir un recorrido hist\u00f3rico de su propuesta \u2013 Ana, donde expone su visi\u00f3n precisa con alta t\u00e9cnica y sabor sofisticado. Esta experiencia \u00fanica frente a la cocina permite a los comensales compartir \u00edntimamente con el equipo&hellip; <a class=\"more-link\" href=\"http:\/\/54.188.2.35\/en\/reservar\/\">Continue reading <span class=\"screen-reader-text\">Book now<\/span><\/a><\/p>","protected":false},"author":1,"featured_media":0,"parent":0,"menu_order":0,"comment_status":"closed","ping_status":"closed","template":"elementor_header_footer","meta":{"_eb_attr":"","footnotes":""},"folder":[],"class_list":["post-1491","page","type-page","status-publish","hentry","entry"],"_links":{"self":[{"href":"http:\/\/54.188.2.35\/en\/wp-json\/wp\/v2\/pages\/1491","targetHints":{"allow":["GET"]}}],"collection":[{"href":"http:\/\/54.188.2.35\/en\/wp-json\/wp\/v2\/pages"}],"about":[{"href":"http:\/\/54.188.2.35\/en\/wp-json\/wp\/v2\/types\/page"}],"author":[{"embeddable":true,"href":"http:\/\/54.188.2.35\/en\/wp-json\/wp\/v2\/users\/1"}],"replies":[{"embeddable":true,"href":"http:\/\/54.188.2.35\/en\/wp-json\/wp\/v2\/comments?post=1491"}],"version-history":[{"count":94,"href":"http:\/\/54.188.2.35\/en\/wp-json\/wp\/v2\/pages\/1491\/revisions"}],"predecessor-version":[{"id":2801,"href":"http:\/\/54.188.2.35\/en\/wp-json\/wp\/v2\/pages\/1491\/revisions\/2801"}],"wp:attachment":[{"href":"http:\/\/54.188.2.35\/en\/wp-json\/wp\/v2\/media?parent=1491"}],"wp:term":[{"taxonomy":"folder","embeddable":true,"href":"http:\/\/54.188.2.35\/en\/wp-json\/wp\/v2\/folder?post=1491"}],"curies":[{"name":"wp","href":"https:\/\/api.w.org\/{rel}","templated":true}]}}